{"id":48,"date":"2026-04-03T18:57:02","date_gmt":"2026-04-03T18:57:02","guid":{"rendered":"http:\/\/wunity.tr\/nailatelier\/home\/"},"modified":"2026-04-03T20:11:25","modified_gmt":"2026-04-03T20:11:25","slug":"home","status":"publish","type":"page","link":"https:\/\/wunity.tr\/nailatelier\/","title":{"rendered":"Home"},"content":{"rendered":"\n\n\n\n\n\n\n<h2>Neler Sunuyoruz?<\/h2>\n<p>Misyonumuzu, de\u011ferlerimizi ve Adil Rahmanov&#8217;un hikayesini ke\u015ffedin.<\/p>\n\nEtkile\u015fimli \u00d6\u011frenme\n\u0130lerleme Takibi\nUzman E\u011fitmenler\nTopluluk Deste\u011fi\n\n\n\n\n\n\n\n<h2>Hizmetlerimiz<\/h2>\n\n\nFarkl\u0131 \u00f6\u011frenme tercihlerine uygun olarak tasarlanm\u0131\u015f, \u00e7ok \u00e7e\u015fitli konular\u0131 kapsayan ilgi \u00e7ekici ve etkile\u015fimli \u00e7evrimi\u00e7i kurslar.\n\n\n\u00d6\u011frenmeyi kolayla\u015ft\u0131rmak i\u00e7in makaleler, videolar ve de\u011ferlendirmeler de dahil olmak \u00fczere kapsaml\u0131 e\u011fitim kaynaklar\u0131.\n\n\nKi\u015fisel \u00f6\u011frenme h\u0131z\u0131n\u0131za ve tarz\u0131n\u0131za uyum sa\u011flayan, etkili bilgi edinimi sa\u011flayan \u00f6zel \u00f6\u011frenme deneyimleri.\n\n\n\n\n<font dir=\"auto\" style=\"vertical-align: inherit;\"><font dir=\"auto\" style=\"vertical-align: inherit;\">Kurslar\u0131 tamamlad\u0131\u011f\u0131n\u0131zda becerilerinizi ve bilginizi do\u011frulayan resmi sertifika programlar\u0131.<br><\/font><\/font><div><p><font dir=\"auto\" style=\"vertical-align: inherit;\"><font dir=\"auto\" style=\"vertical-align: inherit;\"><br><\/font><\/font><\/p><\/div>\n\n\nKurslar\u0131n\u0131z\u0131 tamamlaman\u0131z\u0131 ve bilginizi do\u011frulayan resmi sertifika programlar\u0131.<p><br><\/p>\n\n\nSekt\u00f6r uzmanlar\u0131 taraf\u0131ndan y\u00f6netilen interaktif oturumlar, \u00e7e\u015fitli alanlardaki anlay\u0131\u015f\u0131 ve becerileri derinle\u015ftirmeyi ama\u00e7lamaktad\u0131r.\n\n\n\n\n\n\n\n<h2>\u0130\u015f Ak\u0131\u015f\u0131m\u0131z<\/h2>\n\n\n\n<h5>Ad\u0131m 1: Kay\u0131t Ol<\/h5>\n<p><font dir=\"auto\" style=\"vertical-align: inherit;\"><font dir=\"auto\" style=\"vertical-align: inherit;\">Kurslar\u0131m\u0131z\u0131n ve kaynaklar\u0131m\u0131z\u0131n tamam\u0131na eri\u015fmek i\u00e7in bir hesap olu\u015fturun.<\/font><\/font><\/p>\n<p><br><\/p>\n<p><br><\/p>\n\n\n\n\n<h5><font dir=\"auto\" style=\"vertical-align: inherit;\"><font dir=\"auto\" style=\"vertical-align: inherit;\">Ad\u0131m 2: Bir Kurs Paketi Se\u00e7in<\/font><\/font><\/h5>\n<p><font dir=\"auto\" style=\"vertical-align: inherit;\"><font dir=\"auto\" style=\"vertical-align: inherit;\">\u0130lgi alanlar\u0131n\u0131za ve kariyer hedeflerinize g\u00f6re \u00e7e\u015fitli kurs se\u00e7eneklerimizden birini se\u00e7in.<\/font><\/font><\/p>\n<p><br><\/p>\n<p><br><\/p>\n\n\n\n\n<h5>3. Ad\u0131m: \u00d6\u011frenmeye Ba\u015flay\u0131n<\/h5>\n<p>Materyallerle etkile\u015fim kurun, etkile\u015fimli de\u011ferlendirmelere kat\u0131l\u0131n ve akranlar\u0131n\u0131zla ba\u011flant\u0131 kurun.<\/p>\n\n\n\n\n\n\n\n<h2>Bug\u00fcn harekete ge\u00e7in!<\/h2>\n<p><font dir=\"auto\" style=\"vertical-align: inherit;\"><font dir=\"auto\" style=\"vertical-align: inherit;\">B\u00fcy\u00fcme ve \u00f6\u011frenme yolculu\u011fumuzda bize kat\u0131l\u0131n. Sundu\u011fumuz olanaklar\u0131 ke\u015ffedin ve Adil Rahmanov e\u011fitim toplulu\u011funun bir par\u00e7as\u0131 olun!<\/font><\/font><\/p>\n\n\n\n\n\n\n<h2>Paketlerimiz<\/h2>\n<p>B\u00fct\u00e7enize uygun, kaliteden \u00f6d\u00fcn vermeyen rekabet\u00e7i fiyatland\u0131rma.<\/p>\n\n\n\n\n\n<font dir=\"auto\" style=\"vertical-align: inherit;\"><font dir=\"auto\" style=\"vertical-align: inherit;\">T\u00fcm Kurslar<\/font><\/font>\n\nTamamlama Sertifikas\u0131\n\n\n\n\n\n<font dir=\"auto\" style=\"vertical-align: inherit;\"><font dir=\"auto\" style=\"vertical-align: inherit;\">T\u00fcm Kurslar<\/font><\/font>\n\nTamamlama Sertifikas\u0131\n\n\n\n\n\n\n\n\n\n<h2><span style=\"color: rgb(255, 255, 255); font-family: Poppins; font-size: 28px; text-transform: capitalize; background-color: rgba(43, 100, 248, 0.56);\">Adil Rahmanov<\/span><\/h2>\n\n\n\n\n\n\n\n\n\n\n\n\n\n\n\n\n\n\n\n\n\n\n\n\n\n\n\n\n\n\n\n\n\n<h6>Ba\u015far\u0131 Hikayeleri<\/h6>\n<h2>M\u00fc\u015fteri Yorumlar\u0131<\/h2>\n\n\n\n&#8220;Adil Rahmanov&#8217;un kurslar\u0131 kariyerimi d\u00f6n\u00fc\u015ft\u00fcrd\u00fc. \u0130\u00e7erik ilgi \u00e7ekiciydi ve destek inan\u0131lmazd\u0131!&#8221;\n\n\n\n&#8220;Bu platformda edindi\u011fim de\u011ferli beceriler i\u015fimde ilerlememe yard\u0131mc\u0131 oldu. &#8221;\n\n\n\n&#8220;Sunulan ders \u00e7e\u015fitlili\u011fi etkileyici. Kendi tempomda \u00f6\u011frendim ve s\u00fcre\u00e7 boyunca desteklendi\u011fimi hissettim!&#8221;\n\n\n\n\n","protected":false},"excerpt":{"rendered":"","protected":false},"author":1,"featured_media":0,"parent":0,"menu_order":0,"comment_status":"closed","ping_status":"closed","template":"","meta":{"pagelayer_contact_templates":[],"_pagelayer_content":"","footnotes":""},"class_list":["post-48","page","type-page","status-publish","hentry"],"_links":{"self":[{"href":"https:\/\/wunity.tr\/nailatelier\/wp-json\/wp\/v2\/pages\/48","targetHints":{"allow":["GET"]}}],"collection":[{"href":"https:\/\/wunity.tr\/nailatelier\/wp-json\/wp\/v2\/pages"}],"about":[{"href":"https:\/\/wunity.tr\/nailatelier\/wp-json\/wp\/v2\/types\/page"}],"author":[{"embeddable":true,"href":"https:\/\/wunity.tr\/nailatelier\/wp-json\/wp\/v2\/users\/1"}],"replies":[{"embeddable":true,"href":"https:\/\/wunity.tr\/nailatelier\/wp-json\/wp\/v2\/comments?post=48"}],"version-history":[{"count":11,"href":"https:\/\/wunity.tr\/nailatelier\/wp-json\/wp\/v2\/pages\/48\/revisions"}],"predecessor-version":[{"id":93,"href":"https:\/\/wunity.tr\/nailatelier\/wp-json\/wp\/v2\/pages\/48\/revisions\/93"}],"wp:attachment":[{"href":"https:\/\/wunity.tr\/nailatelier\/wp-json\/wp\/v2\/media?parent=48"}],"curies":[{"name":"wp","href":"https:\/\/api.w.org\/{rel}","templated":true}]}}